{"id":752,"date":"2025-09-03T17:06:23","date_gmt":"2025-09-03T17:06:23","guid":{"rendered":"https:\/\/www.brunapigato.it\/pigato\/"},"modified":"2025-09-15T19:09:00","modified_gmt":"2025-09-15T19:09:00","slug":"pigato","status":"publish","type":"page","link":"https:\/\/www.brunapigato.it\/en\/pigato\/","title":{"rendered":"Pigato"},"content":{"rendered":"\t\t<div data-elementor-type=\"wp-page\" data-elementor-id=\"752\" class=\"elementor elementor-752 elementor-348\" data-elementor-post-type=\"page\">\n\t\t\t\t<div class=\"elementor-element elementor-element-4563488 elementor-hidden-desktop e-flex e-con-boxed e-con e-parent\" data-id=\"4563488\" data-element_type=\"container\">\n\t\t\t\t\t<div class=\"e-con-inner\">\n\t\t\t\t<div class=\"elementor-element elementor-element-607ebed elementor-widget elementor-widget-image\" data-id=\"607ebed\" data-element_type=\"widget\" data-widget_type=\"image.default\">\n\t\t\t\t\t\t\t\t\t\t\t\t\t\t\t<img fetchpriority=\"high\" decoding=\"async\" width=\"734\" height=\"917\" src=\"https:\/\/www.brunapigato.it\/wp-content\/uploads\/2025\/09\/bruna-pigato-394-mob.jpg\" class=\"attachment-large size-large wp-image-722\" alt=\"\" srcset=\"https:\/\/www.brunapigato.it\/wp-content\/uploads\/2025\/09\/bruna-pigato-394-mob.jpg 734w, https:\/\/www.brunapigato.it\/wp-content\/uploads\/2025\/09\/bruna-pigato-394-mob-240x300.jpg 240w\" sizes=\"(max-width: 734px) 100vw, 734px\" \/>\t\t\t\t\t\t\t\t\t\t\t\t\t\t\t<\/div>\n\t\t\t\t\t<\/div>\n\t\t\t\t<\/div>\n\t\t<div class=\"elementor-element elementor-element-75568af elementor-hidden-tablet elementor-hidden-mobile e-flex e-con-boxed e-con e-parent\" data-id=\"75568af\" data-element_type=\"container\">\n\t\t\t\t\t<div class=\"e-con-inner\">\n\t\t\t\t<div class=\"elementor-element elementor-element-3c6ddf3 e-transform elementor-widget elementor-widget-image\" data-id=\"3c6ddf3\" data-element_type=\"widget\" data-settings=\"{&quot;_transform_scale_effect_mobile&quot;:{&quot;unit&quot;:&quot;px&quot;,&quot;size&quot;:2,&quot;sizes&quot;:[]},&quot;_transform_scale_effect&quot;:{&quot;unit&quot;:&quot;px&quot;,&quot;size&quot;:&quot;&quot;,&quot;sizes&quot;:[]},&quot;_transform_scale_effect_tablet&quot;:{&quot;unit&quot;:&quot;px&quot;,&quot;size&quot;:&quot;&quot;,&quot;sizes&quot;:[]}}\" data-widget_type=\"image.default\">\n\t\t\t\t\t\t\t\t\t\t\t\t\t\t\t<img decoding=\"async\" width=\"1853\" height=\"1236\" src=\"https:\/\/www.brunapigato.it\/wp-content\/uploads\/2025\/09\/bruna-pigato-394.jpg\" class=\"attachment-full size-full wp-image-721\" alt=\"\" srcset=\"https:\/\/www.brunapigato.it\/wp-content\/uploads\/2025\/09\/bruna-pigato-394.jpg 1853w, https:\/\/www.brunapigato.it\/wp-content\/uploads\/2025\/09\/bruna-pigato-394-300x200.jpg 300w, https:\/\/www.brunapigato.it\/wp-content\/uploads\/2025\/09\/bruna-pigato-394-1024x683.jpg 1024w, https:\/\/www.brunapigato.it\/wp-content\/uploads\/2025\/09\/bruna-pigato-394-768x512.jpg 768w, https:\/\/www.brunapigato.it\/wp-content\/uploads\/2025\/09\/bruna-pigato-394-1536x1025.jpg 1536w\" sizes=\"(max-width: 1853px) 100vw, 1853px\" \/>\t\t\t\t\t\t\t\t\t\t\t\t\t\t\t<\/div>\n\t\t\t\t\t<\/div>\n\t\t\t\t<\/div>\n\t\t<div class=\"elementor-element elementor-element-fd2c7d4 e-flex e-con-boxed e-con e-parent\" data-id=\"fd2c7d4\" data-element_type=\"container\">\n\t\t\t\t\t<div class=\"e-con-inner\">\n\t\t\t\t<div class=\"elementor-element elementor-element-5fb2cdb elementor-widget elementor-widget-heading\" data-id=\"5fb2cdb\" data-element_type=\"widget\" data-widget_type=\"heading.default\">\n\t\t\t\t\t<h2 class=\"elementor-heading-title elementor-size-default\">Pigato<\/h2>\t\t\t\t<\/div>\n\t\t\t\t<div class=\"elementor-element elementor-element-f7ebea2 elementor-widget elementor-widget-text-editor\" data-id=\"f7ebea2\" data-element_type=\"widget\" data-widget_type=\"text-editor.default\">\n\t\t\t\t\t\t\t\t\t<p><span style=\"font-weight: 400;\"><strong>Pigato<\/strong> is the grape in which we invest most <strong>thought and energy<\/strong>. It is a Vermentino biotype that has developed original characteristics over time in <strong>Western Liguria<\/strong>.<\/span><\/p><p><span style=\"font-weight: 400;\">The villages of <strong>Ranzo<\/strong> and <strong>Ortovero<\/strong>, together with the <strong>Albenga<\/strong> area, are the places in the <strong>Arroscia Valley<\/strong> where this grape has historically been most popular and where the younger vines produce savoury, exuberant wines which display characteristic aromas of peach and aromatic herbs.<\/span><\/p>\t\t\t\t\t\t\t\t<\/div>\n\t\t<div class=\"elementor-element elementor-element-dbf69f8 e-con-full e-flex e-con e-child\" data-id=\"dbf69f8\" data-element_type=\"container\">\n\t\t\t\t<div class=\"elementor-element elementor-element-51ccc49 elementor-widget elementor-widget-image\" data-id=\"51ccc49\" data-element_type=\"widget\" data-widget_type=\"image.default\">\n\t\t\t\t\t\t\t\t\t\t\t\t\t\t\t<img decoding=\"async\" width=\"1280\" height=\"1920\" src=\"https:\/\/www.brunapigato.it\/wp-content\/uploads\/2025\/09\/bruna-pigato-475.jpg\" class=\"attachment-full size-full wp-image-751\" alt=\"\" srcset=\"https:\/\/www.brunapigato.it\/wp-content\/uploads\/2025\/09\/bruna-pigato-475.jpg 1280w, https:\/\/www.brunapigato.it\/wp-content\/uploads\/2025\/09\/bruna-pigato-475-200x300.jpg 200w, https:\/\/www.brunapigato.it\/wp-content\/uploads\/2025\/09\/bruna-pigato-475-683x1024.jpg 683w, https:\/\/www.brunapigato.it\/wp-content\/uploads\/2025\/09\/bruna-pigato-475-768x1152.jpg 768w, https:\/\/www.brunapigato.it\/wp-content\/uploads\/2025\/09\/bruna-pigato-475-1024x1536.jpg 1024w\" sizes=\"(max-width: 1280px) 100vw, 1280px\" \/>\t\t\t\t\t\t\t\t\t\t\t\t\t\t\t<\/div>\n\t\t<div class=\"elementor-element elementor-element-094fa10 e-con-full e-flex e-con e-child\" data-id=\"094fa10\" data-element_type=\"container\">\n\t\t\t\t<div class=\"elementor-element elementor-element-4cd3afe elementor-widget elementor-widget-text-editor\" data-id=\"4cd3afe\" data-element_type=\"widget\" data-widget_type=\"text-editor.default\">\n\t\t\t\t\t\t\t\t\t<p><span style=\"font-weight: 400;\">With time and experience we have come to understand how the older vines, cultivated on some terraces made of limestone marl and ferrous clay, are capable of producing complex and elegant wines.<\/span><\/p><p><span style=\"font-weight: 400;\">Here, Pigato succeeds surprisingly well in ageing for many years in the bottle, developing balsamic and mineral notes of particular finesse.<\/span><\/p>\t\t\t\t\t\t\t\t<\/div>\n\t\t\t\t<\/div>\n\t\t\t\t<\/div>\n\t\t\t\t\t<\/div>\n\t\t\t\t<\/div>\n\t\t<div class=\"elementor-element elementor-element-1771008 e-con-full elementor-hidden-desktop elementor-hidden-tablet elementor-hidden-mobile e-flex e-con e-parent\" data-id=\"1771008\" data-element_type=\"container\" data-settings=\"{&quot;background_background&quot;:&quot;classic&quot;}\">\n\t\t<div class=\"elementor-element elementor-element-564caaa e-flex e-con-boxed e-con e-child\" data-id=\"564caaa\" data-element_type=\"container\">\n\t\t\t\t\t<div class=\"e-con-inner\">\n\t\t<div class=\"elementor-element elementor-element-b7ace2d e-con-full e-flex e-con e-child\" data-id=\"b7ace2d\" data-element_type=\"container\">\n\t\t\t\t<div class=\"elementor-element elementor-element-62681d0 elementor-widget elementor-widget-heading\" data-id=\"62681d0\" data-element_type=\"widget\" data-widget_type=\"heading.default\">\n\t\t\t\t\t<h2 class=\"elementor-heading-title elementor-size-default\">THE OLD VINTAGES<\/h2>\t\t\t\t<\/div>\n\t\t\t\t<div class=\"elementor-element elementor-element-34f233c elementor-widget elementor-widget-text-editor\" data-id=\"34f233c\" data-element_type=\"widget\" data-widget_type=\"text-editor.default\">\n\t\t\t\t\t\t\t\t\t<p>Negli anni abbiamo tenuto traccia del clima e di come questo abbia impattato sulla produzione dei nostri vini, e in particolare sul Pigato.<br><br>Leggi i nostri report qui di seguito o scarica i pdf.<\/p>\t\t\t\t\t\t\t\t<\/div>\n\t\t\t\t<div class=\"elementor-element elementor-element-b72e728 elementor-widget elementor-widget-n-accordion\" data-id=\"b72e728\" data-element_type=\"widget\" data-settings=\"{&quot;default_state&quot;:&quot;expanded&quot;,&quot;max_items_expended&quot;:&quot;one&quot;,&quot;n_accordion_animation_duration&quot;:{&quot;unit&quot;:&quot;ms&quot;,&quot;size&quot;:400,&quot;sizes&quot;:[]}}\" data-widget_type=\"nested-accordion.default\">\n\t\t\t\t\t\t\t<div class=\"e-n-accordion\" aria-label=\"Accordion. Open links with Enter or Space, close with Escape, and navigate with Arrow Keys\">\n\t\t\t\t\t\t<details id=\"e-n-accordion-item-1920\" class=\"e-n-accordion-item\" open>\n\t\t\t\t<summary class=\"e-n-accordion-item-title\" data-accordion-index=\"1\" tabindex=\"0\" aria-expanded=\"true\" aria-controls=\"e-n-accordion-item-1920\" >\n\t\t\t\t\t<span class='e-n-accordion-item-title-header'><div class=\"e-n-accordion-item-title-text\"> 2017 <\/div><\/span>\n\t\t\t\t\t\t\t<span class='e-n-accordion-item-title-icon'>\n\t\t\t<span class='e-opened' ><svg aria-hidden=\"true\" class=\"e-font-icon-svg e-fas-minus\" viewBox=\"0 0 448 512\" xmlns=\"http:\/\/www.w3.org\/2000\/svg\"><path d=\"M416 208H32c-17.67 0-32 14.33-32 32v32c0 17.67 14.33 32 32 32h384c17.67 0 32-14.33 32-32v-32c0-17.67-14.33-32-32-32z\"><\/path><\/svg><\/span>\n\t\t\t<span class='e-closed'><svg aria-hidden=\"true\" class=\"e-font-icon-svg e-fas-plus\" viewBox=\"0 0 448 512\" xmlns=\"http:\/\/www.w3.org\/2000\/svg\"><path d=\"M416 208H272V64c0-17.67-14.33-32-32-32h-32c-17.67 0-32 14.33-32 32v144H32c-17.67 0-32 14.33-32 32v32c0 17.67 14.33 32 32 32h144v144c0 17.67 14.33 32 32 32h32c17.67 0 32-14.33 32-32V304h144c17.67 0 32-14.33 32-32v-32c0-17.67-14.33-32-32-32z\"><\/path><\/svg><\/span>\n\t\t<\/span>\n\n\t\t\t\t\t\t<\/summary>\n\t\t\t\t<div role=\"region\" aria-labelledby=\"e-n-accordion-item-1920\" class=\"elementor-element elementor-element-4d529e7 e-con-full e-flex e-con e-child\" data-id=\"4d529e7\" data-element_type=\"container\">\n\t\t\t\t<div class=\"elementor-element elementor-element-f91137f elementor-widget elementor-widget-text-editor\" data-id=\"f91137f\" data-element_type=\"widget\" data-widget_type=\"text-editor.default\">\n\t\t\t\t\t\t\t\t\t<p>L&#8217;annata 2017 nei nostri vigneti e&#8217; stata decisamente estrema.<\/p><p> <\/p><p>Le gelate di aprile ci hanno per fortuna risparmiato. Abbiamo avuto un grande freddo, eccezionale per il periodo nel ponente ligure, ma le temperature non sono scese sotto lo zero. <\/p><p> <\/p><p>La tarda primavera e&#8217; stata estremamente siccitosa, la fioritura e l&#8217;allegagione dei grappoli sono state minori rispetto al 2016. La pressione delle malattie fungine della vite \u00e8 stata bassa, la Peronospora assente. <\/p><p>Nel corso dell&#8217;estate la mancanza d&#8217;acqua, unitamente alle temperature elevate, hanno condizionato la quantita&#8217; di uva, che si presentava in vendemmia sana, concentrata ma con acini decisamente piu&#8217; piccoli. Abbiamo anticipato la vendemmia per preservare il corredo acido ed aromatico delle uve, iniziando la raccolta del Pigato il 22 agosto, record assoluto in azienda e nel territorio. <\/p><p> <\/p><p>In agosto il vero problema sono stati gli animali selvatici: abbiamo avuto attacchi continui da parte di cinghiali e tassi, disperati per la mancanza totale di acqua e cibo nei boschi. Hanno fatto incursioni nei nostri vigneti vicino alla macchia depredando e danneggiando l&#8217;uva nonostante la difesa con pastori elettrici a basso voltaggio e reti fisse. Per noi era angosciante osservare che i boschi erano privi di acqua e umidit\u00e0 e gli animali disorientati per il cambiamento climatico.  <\/p><p> <\/p><p>Il calo nella produzione dei vini bianche e&#8217; stato del 25% circa, e del 35% per i rossi.<\/p><p> <\/p>\t\t\t\t\t\t\t\t<\/div>\n\t\t\t\t<div class=\"elementor-element elementor-element-f0f5c2a elementor-widget elementor-widget-button\" data-id=\"f0f5c2a\" data-element_type=\"widget\" data-widget_type=\"button.default\">\n\t\t\t\t\t\t\t\t\t\t<a class=\"elementor-button elementor-button-link elementor-size-sm\" href=\"#\">\n\t\t\t\t\t\t<span class=\"elementor-button-content-wrapper\">\n\t\t\t\t\t\t<span class=\"elementor-button-icon\">\n\t\t\t\t<svg aria-hidden=\"true\" class=\"e-font-icon-svg e-far-arrow-alt-circle-down\" viewBox=\"0 0 512 512\" xmlns=\"http:\/\/www.w3.org\/2000\/svg\"><path d=\"M256 8C119 8 8 119 8 256s111 248 248 248 248-111 248-248S393 8 256 8zm0 448c-110.5 0-200-89.5-200-200S145.5 56 256 56s200 89.5 200 200-89.5 200-200 200zm-32-316v116h-67c-10.7 0-16 12.9-8.5 20.5l99 99c4.7 4.7 12.3 4.7 17 0l99-99c7.6-7.6 2.2-20.5-8.5-20.5h-67V140c0-6.6-5.4-12-12-12h-40c-6.6 0-12 5.4-12 12z\"><\/path><\/svg>\t\t\t<\/span>\n\t\t\t\t\t\t\t\t\t<span class=\"elementor-button-text\">report_2017<\/span>\n\t\t\t\t\t<\/span>\n\t\t\t\t\t<\/a>\n\t\t\t\t\t\t\t\t<\/div>\n\t\t\t\t<\/div>\n\t\t\t\t\t<\/details>\n\t\t\t\t\t\t<details id=\"e-n-accordion-item-1921\" class=\"e-n-accordion-item\" >\n\t\t\t\t<summary class=\"e-n-accordion-item-title\" data-accordion-index=\"2\" tabindex=\"-1\" aria-expanded=\"false\" aria-controls=\"e-n-accordion-item-1921\" >\n\t\t\t\t\t<span class='e-n-accordion-item-title-header'><div class=\"e-n-accordion-item-title-text\"> 2018 <\/div><\/span>\n\t\t\t\t\t\t\t<span class='e-n-accordion-item-title-icon'>\n\t\t\t<span class='e-opened' ><svg aria-hidden=\"true\" class=\"e-font-icon-svg e-fas-minus\" viewBox=\"0 0 448 512\" xmlns=\"http:\/\/www.w3.org\/2000\/svg\"><path d=\"M416 208H32c-17.67 0-32 14.33-32 32v32c0 17.67 14.33 32 32 32h384c17.67 0 32-14.33 32-32v-32c0-17.67-14.33-32-32-32z\"><\/path><\/svg><\/span>\n\t\t\t<span class='e-closed'><svg aria-hidden=\"true\" class=\"e-font-icon-svg e-fas-plus\" viewBox=\"0 0 448 512\" xmlns=\"http:\/\/www.w3.org\/2000\/svg\"><path d=\"M416 208H272V64c0-17.67-14.33-32-32-32h-32c-17.67 0-32 14.33-32 32v144H32c-17.67 0-32 14.33-32 32v32c0 17.67 14.33 32 32 32h144v144c0 17.67 14.33 32 32 32h32c17.67 0 32-14.33 32-32V304h144c17.67 0 32-14.33 32-32v-32c0-17.67-14.33-32-32-32z\"><\/path><\/svg><\/span>\n\t\t<\/span>\n\n\t\t\t\t\t\t<\/summary>\n\t\t\t\t<div role=\"region\" aria-labelledby=\"e-n-accordion-item-1921\" class=\"elementor-element elementor-element-c60de23 e-con-full e-flex e-con e-child\" data-id=\"c60de23\" data-element_type=\"container\">\n\t\t\t\t<div class=\"elementor-element elementor-element-375c6b6 elementor-widget elementor-widget-text-editor\" data-id=\"375c6b6\" data-element_type=\"widget\" data-widget_type=\"text-editor.default\">\n\t\t\t\t\t\t\t\t\t<p>L&#8217;annata 2018 \u00e8 stata per noi molto soddisfacente anche se complessa, soprattutto per la prevenzione delle malattie fungine della vite, Peronospora in primis. La gestione di tutti i nostri vigneti in biologico, con un&#8217;agricoltura di precisione e pratiche agronomiche indirizzate all&#8217;equilibrio del suolo e delle piante, ci ha permesso di avere uve sane, pura espressione del territorio. <\/p><p>I mesi invernali sono stati miti con precipitazioni abbastanza consistenti.<\/p><p>Da notare che le temperature non sono quasi mai scese sotto lo 0\u00b0.<\/p><p>A gennaio la temperatura media era 10,3\u00b0. A marzo si sono registrati ben 17 giorni di pioggia con accumuli importanti, assolutamente in controtendenza rispetto all&#8217;annata 2017. Le piogge, insieme a qualche temporale anche grandinigeno, hanno poi caratterizzato i mesi di aprile e maggio con ben 14 giorni di precipitazioni, creando forte preoccupazione per la pressione della peronospora sulla fioritura della vite.  <\/p><p>Grazie ad un accurato lavoro in vigneto non ci sono stati attacchi di malattie fungine degni di nota. La fioritura e l&#8217;allegagione sono state molto abbondanti, decisamente superiori a quelle delle annate pi\u00f9 recenti. Abbiamo avuto giugno e luglio caldi con temporali di forte intensit\u00e0 e pressione delle malattie della vite costantemente alta. Sino a met\u00e0 luglio sono stati effettuati trattamenti mirati di rame e zolfo.   <\/p><p>L&#8217;estate decisamente calda (26,8\u00b0 la temperatura media in agosto) con picchi di calore elevati e umidit\u00e0 bassa ha protetto l&#8217;uva da oidio e peronospora, accelerando per\u00f2 i tempi di maturazione e di accumulo di zuccheri. <\/p><p>Le piante giovani con le radici pi\u00f9 superficiali sono state influenzate maggiormente dal caldo e vendemmiate a cominciare dal 30 agosto. Un settembre con buone escursioni termiche tra il giorno e la notte ha portato a maturazione in modo ottimale le uve delle piante pi\u00f9 vecchie in alta collina. <\/p><p>La produzione di uva Pigato \u00e8 stata molto buona, decisamente superiore a quella del 2017 (+20%), la quantit\u00e0 di uva rossa \u00e8 rimasta invariata. La messa a dimora di recinzioni nei vigneti ha permesso di contrastare in modo efficace gli attacchi dei cinghiali. <\/p>\t\t\t\t\t\t\t\t<\/div>\n\t\t\t\t<div class=\"elementor-element elementor-element-274905a elementor-widget elementor-widget-button\" data-id=\"274905a\" data-element_type=\"widget\" data-widget_type=\"button.default\">\n\t\t\t\t\t\t\t\t\t\t<a class=\"elementor-button elementor-button-link elementor-size-sm\" href=\"#\">\n\t\t\t\t\t\t<span class=\"elementor-button-content-wrapper\">\n\t\t\t\t\t\t<span class=\"elementor-button-icon\">\n\t\t\t\t<svg aria-hidden=\"true\" class=\"e-font-icon-svg e-far-arrow-alt-circle-down\" viewBox=\"0 0 512 512\" xmlns=\"http:\/\/www.w3.org\/2000\/svg\"><path d=\"M256 8C119 8 8 119 8 256s111 248 248 248 248-111 248-248S393 8 256 8zm0 448c-110.5 0-200-89.5-200-200S145.5 56 256 56s200 89.5 200 200-89.5 200-200 200zm-32-316v116h-67c-10.7 0-16 12.9-8.5 20.5l99 99c4.7 4.7 12.3 4.7 17 0l99-99c7.6-7.6 2.2-20.5-8.5-20.5h-67V140c0-6.6-5.4-12-12-12h-40c-6.6 0-12 5.4-12 12z\"><\/path><\/svg>\t\t\t<\/span>\n\t\t\t\t\t\t\t\t\t<span class=\"elementor-button-text\">report_2019<\/span>\n\t\t\t\t\t<\/span>\n\t\t\t\t\t<\/a>\n\t\t\t\t\t\t\t\t<\/div>\n\t\t\t\t<\/div>\n\t\t\t\t\t<\/details>\n\t\t\t\t\t\t<details id=\"e-n-accordion-item-1922\" class=\"e-n-accordion-item\" >\n\t\t\t\t<summary class=\"e-n-accordion-item-title\" data-accordion-index=\"3\" tabindex=\"-1\" aria-expanded=\"false\" aria-controls=\"e-n-accordion-item-1922\" >\n\t\t\t\t\t<span class='e-n-accordion-item-title-header'><div class=\"e-n-accordion-item-title-text\"> 2019 <\/div><\/span>\n\t\t\t\t\t\t\t<span class='e-n-accordion-item-title-icon'>\n\t\t\t<span class='e-opened' ><svg aria-hidden=\"true\" class=\"e-font-icon-svg e-fas-minus\" viewBox=\"0 0 448 512\" xmlns=\"http:\/\/www.w3.org\/2000\/svg\"><path d=\"M416 208H32c-17.67 0-32 14.33-32 32v32c0 17.67 14.33 32 32 32h384c17.67 0 32-14.33 32-32v-32c0-17.67-14.33-32-32-32z\"><\/path><\/svg><\/span>\n\t\t\t<span class='e-closed'><svg aria-hidden=\"true\" class=\"e-font-icon-svg e-fas-plus\" viewBox=\"0 0 448 512\" xmlns=\"http:\/\/www.w3.org\/2000\/svg\"><path d=\"M416 208H272V64c0-17.67-14.33-32-32-32h-32c-17.67 0-32 14.33-32 32v144H32c-17.67 0-32 14.33-32 32v32c0 17.67 14.33 32 32 32h144v144c0 17.67 14.33 32 32 32h32c17.67 0 32-14.33 32-32V304h144c17.67 0 32-14.33 32-32v-32c0-17.67-14.33-32-32-32z\"><\/path><\/svg><\/span>\n\t\t<\/span>\n\n\t\t\t\t\t\t<\/summary>\n\t\t\t\t<div role=\"region\" aria-labelledby=\"e-n-accordion-item-1922\" class=\"elementor-element elementor-element-e668fd0 e-con-full e-flex e-con e-child\" data-id=\"e668fd0\" data-element_type=\"container\">\n\t\t\t\t<div class=\"elementor-element elementor-element-cefaf97 elementor-widget elementor-widget-text-editor\" data-id=\"cefaf97\" data-element_type=\"widget\" data-widget_type=\"text-editor.default\">\n\t\t\t\t\t\t\t\t\t<p>L&#8217;annata 2018 \u00e8 stata per noi molto soddisfacente anche se complessa, soprattutto per la prevenzione delle malattie fungine della vite, Peronospora in primis. La gestione di tutti i nostri vigneti in biologico, con un&#8217;agricoltura di precisione e pratiche agronomiche indirizzate all&#8217;equilibrio del suolo e delle piante, ci ha permesso di avere uve sane, pura espressione del territorio. <\/p><p>I mesi invernali sono stati miti con precipitazioni abbastanza consistenti.<\/p><p>Da notare che le temperature non sono quasi mai scese sotto lo 0\u00b0.<\/p><p>A gennaio la temperatura media era 10,3\u00b0. A marzo si sono registrati ben 17 giorni di pioggia con accumuli importanti, assolutamente in controtendenza rispetto all&#8217;annata 2017. Le piogge, insieme a qualche temporale anche grandinigeno, hanno poi caratterizzato i mesi di aprile e maggio con ben 14 giorni di precipitazioni, creando forte preoccupazione per la pressione della peronospora sulla fioritura della vite.  <\/p><p>Grazie ad un accurato lavoro in vigneto non ci sono stati attacchi di malattie fungine degni di nota. La fioritura e l&#8217;allegagione sono state molto abbondanti, decisamente superiori a quelle delle annate pi\u00f9 recenti.  Abbiamo avuto giugno e luglio caldi con temporali di forte intensit\u00e0 e pressione delle malattie della vite costantemente alta. Sino a met\u00e0 luglio sono stati effettuati trattamenti mirati di rame e zolfo.<\/p><p>L&#8217;estate decisamente calda (26,8\u00b0 la temperatura media in agosto) con picchi di calore elevati e umidit\u00e0 bassa ha protetto l&#8217;uva da oidio e peronospora, accelerando per\u00f2 i tempi di maturazione e di accumulo di zuccheri. <\/p><p>Le piante giovani con le radici pi\u00f9 superficiali sono state influenzate maggiormente dal caldo e vendemmiate a cominciare dal 30 agosto. Un settembre con buone escursioni termiche tra il giorno e la notte ha portato a maturazione in modo ottimale le uve delle piante pi\u00f9 vecchie in alta collina.<\/p><p>La produzione di uva Pigato \u00e8 stata molto buona, decisamente superiore a quella del 2017 (+20%), la quantit\u00e0 di uva rossa \u00e8 rimasta invariata. La messa a dimora di recinzioni nei vigneti ha permesso di contrastare in modo efficace gli attacchi dei cinghiali.<\/p>\t\t\t\t\t\t\t\t<\/div>\n\t\t\t\t<div class=\"elementor-element elementor-element-c36a274 elementor-widget elementor-widget-button\" data-id=\"c36a274\" data-element_type=\"widget\" data-widget_type=\"button.default\">\n\t\t\t\t\t\t\t\t\t\t<a class=\"elementor-button elementor-button-link elementor-size-sm\" href=\"#\">\n\t\t\t\t\t\t<span class=\"elementor-button-content-wrapper\">\n\t\t\t\t\t\t<span class=\"elementor-button-icon\">\n\t\t\t\t<svg aria-hidden=\"true\" class=\"e-font-icon-svg e-far-arrow-alt-circle-down\" viewBox=\"0 0 512 512\" xmlns=\"http:\/\/www.w3.org\/2000\/svg\"><path d=\"M256 8C119 8 8 119 8 256s111 248 248 248 248-111 248-248S393 8 256 8zm0 448c-110.5 0-200-89.5-200-200S145.5 56 256 56s200 89.5 200 200-89.5 200-200 200zm-32-316v116h-67c-10.7 0-16 12.9-8.5 20.5l99 99c4.7 4.7 12.3 4.7 17 0l99-99c7.6-7.6 2.2-20.5-8.5-20.5h-67V140c0-6.6-5.4-12-12-12h-40c-6.6 0-12 5.4-12 12z\"><\/path><\/svg>\t\t\t<\/span>\n\t\t\t\t\t\t\t\t\t<span class=\"elementor-button-text\">report_2019<\/span>\n\t\t\t\t\t<\/span>\n\t\t\t\t\t<\/a>\n\t\t\t\t\t\t\t\t<\/div>\n\t\t\t\t<\/div>\n\t\t\t\t\t<\/details>\n\t\t\t\t\t<\/div>\n\t\t\t\t\t\t<\/div>\n\t\t\t\t<\/div>\n\t\t\t\t\t<\/div>\n\t\t\t\t<\/div>\n\t\t\t\t<\/div>\n\t\t\t\t<\/div>\n\t\t","protected":false},"excerpt":{"rendered":"<p>Pigato Pigato is the grape in which we invest most thought and energy. It is a Vermentino biotype that has developed original characteristics over time in Western Liguria. The villages of Ranzo and Ortovero, together with the Albenga area, are the places in the Arroscia Valley where this grape has historically been most popular and [&hellip;]<\/p>\n","protected":false},"author":2,"featured_media":0,"parent":0,"menu_order":0,"comment_status":"closed","ping_status":"closed","template":"","meta":{"footnotes":""},"class_list":["post-752","page","type-page","status-publish","hentry"],"_links":{"self":[{"href":"https:\/\/www.brunapigato.it\/en\/wp-json\/wp\/v2\/pages\/752","targetHints":{"allow":["GET"]}}],"collection":[{"href":"https:\/\/www.brunapigato.it\/en\/wp-json\/wp\/v2\/pages"}],"about":[{"href":"https:\/\/www.brunapigato.it\/en\/wp-json\/wp\/v2\/types\/page"}],"author":[{"embeddable":true,"href":"https:\/\/www.brunapigato.it\/en\/wp-json\/wp\/v2\/users\/2"}],"replies":[{"embeddable":true,"href":"https:\/\/www.brunapigato.it\/en\/wp-json\/wp\/v2\/comments?post=752"}],"version-history":[{"count":4,"href":"https:\/\/www.brunapigato.it\/en\/wp-json\/wp\/v2\/pages\/752\/revisions"}],"predecessor-version":[{"id":868,"href":"https:\/\/www.brunapigato.it\/en\/wp-json\/wp\/v2\/pages\/752\/revisions\/868"}],"wp:attachment":[{"href":"https:\/\/www.brunapigato.it\/en\/wp-json\/wp\/v2\/media?parent=752"}],"curies":[{"name":"wp","href":"https:\/\/api.w.org\/{rel}","templated":true}]}}